{"id":21,"date":"2021-05-06T19:35:51","date_gmt":"2021-05-06T19:35:51","guid":{"rendered":"https:\/\/www.mokkikatja.fi\/?page_id=21"},"modified":"2021-06-03T19:43:25","modified_gmt":"2021-06-03T19:43:25","slug":"mokkikatja","status":"publish","type":"page","link":"https:\/\/www.mokkikatja.fi\/","title":{"rendered":"TERVETULOA!"},"content":{"rendered":"<p>[et_pb_section fb_built=&#8220;1&#8243; fullwidth=&#8220;on&#8220; disabled_on=&#8220;off|off|off&#8220; admin_label=&#8220;Hero&#8220; _builder_version=&#8220;4.9.4&#8243; background_color=&#8220;#1f1f1f&#8220; background_image=&#8220;http:\/\/www.mokkikatja.fi\/wp-content\/uploads\/2021\/05\/IMG_6990-scaled.jpg&#8220; parallax=&#8220;on&#8220; custom_padding=&#8220;|||&#8220; animation_style=&#8220;fade&#8220; link_option_url=&#8220;https:\/\/www.nettimokki.com\/eura\/10991&#8243; link_option_url_new_window=&#8220;on&#8220; hover_enabled=&#8220;0&#8243; transparent_background=&#8220;on&#8220; width=&#8220;70%&#8220; max_width=&#8220;100%&#8220; module_alignment=&#8220;center&#8220; sticky_enabled=&#8220;0&#8243;][et_pb_fullwidth_image src=&#8220;http:\/\/www.mokkikatja.fi\/wp-content\/uploads\/2021\/05\/IMG_6990-1-scaled.jpg&#8220; title_text=&#8220;IMG_6990&#8243; _builder_version=&#8220;4.9.4&#8243; _module_preset=&#8220;default&#8220; hover_enabled=&#8220;0&#8243; sticky_enabled=&#8220;0&#8243;][\/et_pb_fullwidth_image][\/et_pb_section][et_pb_section fb_built=&#8220;1&#8243; admin_label=&#8220;Welcome To Royal&#8220; _builder_version=&#8220;3.22&#8243; background_color=&#8220;#ffffff&#8220; background_position=&#8220;top_left&#8220; custom_padding=&#8220;100px|0px|100px|0px&#8220; collapsed=&#8220;off&#8220;][et_pb_row column_structure=&#8220;1_2,1_2&#8243; _builder_version=&#8220;3.25&#8243; background_size=&#8220;initial&#8220; background_position=&#8220;top_left&#8220; background_repeat=&#8220;repeat&#8220; custom_margin=&#8220;|||&#8220; custom_padding=&#8220;|||&#8220;][et_pb_column type=&#8220;1_2&#8243; _builder_version=&#8220;3.25&#8243; background_position=&#8220;top_left&#8220; custom_padding=&#8220;60px|||&#8220; custom_padding__hover=&#8220;|||&#8220;][et_pb_text _builder_version=&#8220;4.9.4&#8243; text_font=&#8220;||||||||&#8220; header_font=&#8220;||||||||&#8220; header_3_font=&#8220;Montserrat|700||on|||||&#8220; header_3_text_color=&#8220;#bfbfbf&#8220; header_3_font_size=&#8220;14px&#8220; header_3_letter_spacing=&#8220;2px&#8220; header_3_line_height=&#8220;1.3em&#8220; background_size=&#8220;initial&#8220; background_position=&#8220;top_left&#8220; background_repeat=&#8220;repeat&#8220; module_alignment=&#8220;center&#8220; custom_margin=&#8220;||12px|&#8220; custom_padding=&#8220;|||&#8220; animation_style=&#8220;slide&#8220; animation_direction=&#8220;bottom&#8220; saved_tabs=&#8220;all&#8220; locked=&#8220;off&#8220; text_letter_spacing__hover=&#8220;0px&#8220; text_letter_spacing__hover_enabled=&#8220;0px&#8220; text_line_height__hover=&#8220;1.7em&#8220; text_line_height__hover_enabled=&#8220;1.7em&#8220; text_orientation__hover=&#8220;left&#8220; text_orientation__hover_enabled=&#8220;left&#8220; text_font_size__hover=&#8220;14px&#8220; text_font_size__hover_enabled=&#8220;14px&#8220; text_text_shadow_style__hover=&#8220;none&#8220; text_text_shadow_style__hover_enabled=&#8220;none&#8220; text_text_shadow_color__hover=&#8220;rgba(0,0,0,0.4)&#8220; text_text_shadow_color__hover_enabled=&#8220;rgba(0,0,0,0.4)&#8220; link_font_size__hover=&#8220;14px&#8220; link_font_size__hover_enabled=&#8220;14px&#8220; link_letter_spacing__hover=&#8220;0px&#8220; link_letter_spacing__hover_enabled=&#8220;0px&#8220; link_line_height__hover=&#8220;1em&#8220; link_line_height__hover_enabled=&#8220;1em&#8220; link_text_shadow_style__hover=&#8220;none&#8220; link_text_shadow_style__hover_enabled=&#8220;none&#8220; link_text_shadow_color__hover=&#8220;rgba(0,0,0,0.4)&#8220; link_text_shadow_color__hover_enabled=&#8220;rgba(0,0,0,0.4)&#8220; ul_font_size__hover=&#8220;14px&#8220; ul_font_size__hover_enabled=&#8220;14px&#8220; ul_letter_spacing__hover=&#8220;0px&#8220; ul_letter_spacing__hover_enabled=&#8220;0px&#8220; ul_line_height__hover=&#8220;1em&#8220; ul_line_height__hover_enabled=&#8220;1em&#8220; ul_text_shadow_style__hover=&#8220;none&#8220; ul_text_shadow_style__hover_enabled=&#8220;none&#8220; ul_text_shadow_color__hover=&#8220;rgba(0,0,0,0.4)&#8220; ul_text_shadow_color__hover_enabled=&#8220;rgba(0,0,0,0.4)&#8220; ol_font_size__hover=&#8220;14px&#8220; ol_font_size__hover_enabled=&#8220;14px&#8220; ol_letter_spacing__hover=&#8220;0px&#8220; ol_letter_spacing__hover_enabled=&#8220;0px&#8220; ol_line_height__hover=&#8220;1em&#8220; ol_line_height__hover_enabled=&#8220;1em&#8220; ol_text_shadow_style__hover=&#8220;none&#8220; ol_text_shadow_style__hover_enabled=&#8220;none&#8220; ol_text_shadow_color__hover=&#8220;rgba(0,0,0,0.4)&#8220; ol_text_shadow_color__hover_enabled=&#8220;rgba(0,0,0,0.4)&#8220; quote_font_size__hover=&#8220;14px&#8220; quote_font_size__hover_enabled=&#8220;14px&#8220; quote_letter_spacing__hover=&#8220;0px&#8220; quote_letter_spacing__hover_enabled=&#8220;0px&#8220; quote_line_height__hover=&#8220;1em&#8220; quote_line_height__hover_enabled=&#8220;1em&#8220; quote_text_shadow_style__hover=&#8220;none&#8220; quote_text_shadow_style__hover_enabled=&#8220;none&#8220; quote_text_shadow_color__hover=&#8220;rgba(0,0,0,0.4)&#8220; quote_text_shadow_color__hover_enabled=&#8220;rgba(0,0,0,0.4)&#8220; background_layout__hover=&#8220;light&#8220; background_layout__hover_enabled=&#8220;light&#8220;]<\/p>\n<h3>N\u00e1\u0161 pr\u00edbeh<\/h3>\n<p>[\/et_pb_text][et_pb_divider show_divider=&#8220;off&#8220; _builder_version=&#8220;3.2&#8243; max_width=&#8220;60px&#8220; module_alignment=&#8220;left&#8220; custom_margin=&#8220;||10px|&#8220; saved_tabs=&#8220;all&#8220; locked=&#8220;off&#8220;][\/et_pb_divider][et_pb_text disabled_on=&#8220;on|on|off&#8220; _builder_version=&#8220;4.9.4&#8243; text_font=&#8220;||||||||&#8220; header_font=&#8220;||||||||&#8220; header_2_font=&#8220;Playfair Display||||&#8220; header_2_font_size=&#8220;48px&#8220; header_2_line_height=&#8220;1.3em&#8220; background_size=&#8220;initial&#8220; background_position=&#8220;top_left&#8220; background_repeat=&#8220;repeat&#8220; header_font_size__hover=&#8220;30px&#8220; header_font_size__hover_enabled=&#8220;30px&#8220; header_letter_spacing__hover=&#8220;0px&#8220; header_letter_spacing__hover_enabled=&#8220;0px&#8220; header_text_shadow_style__hover=&#8220;none&#8220; header_text_shadow_style__hover_enabled=&#8220;none&#8220; header_text_shadow_color__hover=&#8220;rgba(0,0,0,0.4)&#8220; header_text_shadow_color__hover_enabled=&#8220;rgba(0,0,0,0.4)&#8220;]<\/p>\n<h2><span>M\u00f6kki Katja!<\/span><\/h2>\n<p>[\/et_pb_text][et_pb_text _builder_version=&#8220;4.9.4&#8243; text_font=&#8220;Montserrat||||&#8220; text_text_color=&#8220;#939393&#8243; text_font_size=&#8220;17px&#8220; text_line_height=&#8220;1.8em&#8220; header_font=&#8220;||||&#8220; background_size=&#8220;initial&#8220; background_position=&#8220;top_left&#8220; background_repeat=&#8220;repeat&#8220; max_width=&#8220;700px&#8220; animation_style=&#8220;slide&#8220; animation_direction=&#8220;top&#8220; animation_intensity_slide=&#8220;4%&#8220;]<\/p>\n<div>Tervetuloa m\u00f6kille Katja!M\u00f6kki sijaitsee Satakunnan alueella ,l\u00e4hell\u00e4 Honkilahden kyl\u00e4\u00e4, pienen V\u00e4h\u00e4jarvi-j\u00e4rven rannalla.T\u00e4\u00e4ll\u00e4 voit nauttia puhdasta ilmaa, rauhaa ja hiljaisuutta Suomen luonnosta.\u00a0<\/div>\n<div><\/div>\n<div>M\u00f6kki -huvila on rakennettu vuonna 2010 ja remontoitu helmikuussa 2021. M\u00f6kin pinta-ala on 190 m2.J\u00e4rven rannalta on noin 200 metrin p\u00e4\u00e4ss\u00e4.<\/div>\n<div><\/div>\n<div>Kodikkaasti sisustettu m\u00f6kki tarjoaa viihtyis\u00e4\u00e4 majoitusta. Se on suunniteltu rentouttavaan lomaan ymp\u00e4ri vuoden lapsiperheille tai suuremmalle 12 hengen ryhm\u00e4lle.\u00a0<\/div>\n<div><\/div>\n<div>Bonuksena voit k\u00e4ytt\u00e4\u00e4 my\u00f6s kes\u00e4m\u00f6kki\u00e4 \/ hirsim\u00f6kki\u00e4 \/, jonka pinta-ala on noin 50 m2.Kes\u00e4ll\u00e4 on mahdollista majoittaa viel\u00e4 5 henkil\u00f6\u00e4. J\u00e4rven rannalta on noin 80m metrin p\u00e4\u00e4ss\u00e4 ja\u00a0ja huvilta on noin 120 metrin p\u00e4\u00e4ss\u00e4.<\/div>\n<div><\/div>\n<div>Voit pit\u00e4\u00e4 rentoutua,k\u00e4vell\u00e4 mets\u00e4ss\u00e4,veneill\u00e4 ja kalastaa,poimia sieni\u00e4 ja marjoja,ui j\u00e4rvess\u00e4 tai rentoudu perinteisess\u00e4 suomalaisessa saunassa.Voit hiiht\u00e4\u00e4 talvella.T\u00e4\u00e4lt\u00e4 voit saada paljon uutta energiaa!!!<\/div>\n<div><\/div>\n<div>Lemmikkiel\u00e4imet ovat tervetulleita!!<\/div>\n<p>[\/et_pb_text][\/et_pb_column][et_pb_column type=&#8220;1_2&#8243; _builder_version=&#8220;3.25&#8243; background_position=&#8220;top_left&#8220; custom_padding=&#8220;|||&#8220; custom_padding__hover=&#8220;|||&#8220;][et_pb_image src=&#8220;http:\/\/www.mokkikatja.fi\/wp-content\/uploads\/2021\/05\/IMG_6970-scaled.jpg&#8220; title_text=&#8220;IMG_6970&#8243; force_fullwidth=&#8220;on&#8220; _builder_version=&#8220;4.9.4&#8243; animation_style=&#8220;slide&#8220; animation_direction=&#8220;left&#8220; animation_intensity_slide=&#8220;10%&#8220; always_center_on_mobile=&#8220;off&#8220;][\/et_pb_image][et_pb_image src=&#8220;http:\/\/www.mokkikatja.fi\/wp-content\/uploads\/2021\/05\/IMG_6973-scaled.jpg&#8220; title_text=&#8220;IMG_6973&#8243; force_fullwidth=&#8220;on&#8220; _builder_version=&#8220;4.9.4&#8243; animation_style=&#8220;slide&#8220; animation_direction=&#8220;left&#8220; animation_intensity_slide=&#8220;10%&#8220; always_center_on_mobile=&#8220;off&#8220;][\/et_pb_image][\/et_pb_column][\/et_pb_row][\/et_pb_section][et_pb_section fb_built=&#8220;1&#8243; admin_label=&#8220;Fresh Ingredients&#8220; _builder_version=&#8220;3.22&#8243; background_color=&#8220;rgba(0,0,0,0.03)&#8220; custom_padding=&#8220;100px|0px|100px|0px&#8220;][et_pb_row _builder_version=&#8220;3.25&#8243; background_size=&#8220;initial&#8220; background_position=&#8220;top_left&#8220; background_repeat=&#8220;repeat&#8220; custom_padding=&#8220;27px|0px|27px|0px&#8220; custom_width_px=&#8220;1774px&#8220;][et_pb_column type=&#8220;4_4&#8243; _builder_version=&#8220;3.25&#8243; custom_padding=&#8220;|||&#8220; custom_padding__hover=&#8220;|||&#8220;][et_pb_text _builder_version=&#8220;4.9.4&#8243; text_font=&#8220;||||||||&#8220; header_font=&#8220;||||||||&#8220; header_3_font=&#8220;Montserrat|700||on|||||&#8220; header_3_text_color=&#8220;#bfbfbf&#8220; header_3_font_size=&#8220;14px&#8220; header_3_letter_spacing=&#8220;2px&#8220; header_3_line_height=&#8220;1.3em&#8220; background_size=&#8220;initial&#8220; background_position=&#8220;top_left&#8220; background_repeat=&#8220;repeat&#8220; text_orientation=&#8220;center&#8220; module_alignment=&#8220;center&#8220; custom_margin=&#8220;||12px|&#8220; custom_padding=&#8220;|||&#8220; animation_style=&#8220;slide&#8220; animation_direction=&#8220;bottom&#8220; saved_tabs=&#8220;all&#8220; locked=&#8220;off&#8220; text_letter_spacing__hover=&#8220;0px&#8220; text_letter_spacing__hover_enabled=&#8220;0px&#8220; text_line_height__hover=&#8220;1.7em&#8220; text_line_height__hover_enabled=&#8220;1.7em&#8220; text_orientation__hover=&#8220;left&#8220; text_orientation__hover_enabled=&#8220;left&#8220; text_font_size__hover=&#8220;14px&#8220; text_font_size__hover_enabled=&#8220;14px&#8220; text_text_shadow_style__hover=&#8220;none&#8220; text_text_shadow_style__hover_enabled=&#8220;none&#8220; text_text_shadow_color__hover=&#8220;rgba(0,0,0,0.4)&#8220; text_text_shadow_color__hover_enabled=&#8220;rgba(0,0,0,0.4)&#8220; link_font_size__hover=&#8220;14px&#8220; link_font_size__hover_enabled=&#8220;14px&#8220; link_letter_spacing__hover=&#8220;0px&#8220; link_letter_spacing__hover_enabled=&#8220;0px&#8220; link_line_height__hover=&#8220;1em&#8220; link_line_height__hover_enabled=&#8220;1em&#8220; link_text_shadow_style__hover=&#8220;none&#8220; link_text_shadow_style__hover_enabled=&#8220;none&#8220; link_text_shadow_color__hover=&#8220;rgba(0,0,0,0.4)&#8220; link_text_shadow_color__hover_enabled=&#8220;rgba(0,0,0,0.4)&#8220; ul_font_size__hover=&#8220;14px&#8220; ul_font_size__hover_enabled=&#8220;14px&#8220; ul_letter_spacing__hover=&#8220;0px&#8220; ul_letter_spacing__hover_enabled=&#8220;0px&#8220; ul_line_height__hover=&#8220;1em&#8220; ul_line_height__hover_enabled=&#8220;1em&#8220; ul_text_shadow_style__hover=&#8220;none&#8220; ul_text_shadow_style__hover_enabled=&#8220;none&#8220; ul_text_shadow_color__hover=&#8220;rgba(0,0,0,0.4)&#8220; ul_text_shadow_color__hover_enabled=&#8220;rgba(0,0,0,0.4)&#8220; ol_font_size__hover=&#8220;14px&#8220; ol_font_size__hover_enabled=&#8220;14px&#8220; ol_letter_spacing__hover=&#8220;0px&#8220; ol_letter_spacing__hover_enabled=&#8220;0px&#8220; ol_line_height__hover=&#8220;1em&#8220; ol_line_height__hover_enabled=&#8220;1em&#8220; ol_text_shadow_style__hover=&#8220;none&#8220; ol_text_shadow_style__hover_enabled=&#8220;none&#8220; ol_text_shadow_color__hover=&#8220;rgba(0,0,0,0.4)&#8220; ol_text_shadow_color__hover_enabled=&#8220;rgba(0,0,0,0.4)&#8220; quote_font_size__hover=&#8220;14px&#8220; quote_font_size__hover_enabled=&#8220;14px&#8220; quote_letter_spacing__hover=&#8220;0px&#8220; quote_letter_spacing__hover_enabled=&#8220;0px&#8220; quote_line_height__hover=&#8220;1em&#8220; quote_line_height__hover_enabled=&#8220;1em&#8220; quote_text_shadow_style__hover=&#8220;none&#8220; quote_text_shadow_style__hover_enabled=&#8220;none&#8220; quote_text_shadow_color__hover=&#8220;rgba(0,0,0,0.4)&#8220; quote_text_shadow_color__hover_enabled=&#8220;rgba(0,0,0,0.4)&#8220; background_layout__hover=&#8220;light&#8220; background_layout__hover_enabled=&#8220;light&#8220;]<\/p>\n<h3>Len to najlep\u0161ie<\/h3>\n<p>[\/et_pb_text][et_pb_divider show_divider=&#8220;off&#8220; _builder_version=&#8220;3.2&#8243; max_width=&#8220;60px&#8220; module_alignment=&#8220;center&#8220; custom_margin=&#8220;||10px|&#8220; saved_tabs=&#8220;all&#8220; locked=&#8220;off&#8220;][\/et_pb_divider][et_pb_text disabled_on=&#8220;on|on|off&#8220; _builder_version=&#8220;4.9.4&#8243; text_font=&#8220;||||||||&#8220; header_font=&#8220;||||||||&#8220; header_2_font=&#8220;Playfair Display||||&#8220; header_2_font_size=&#8220;48px&#8220; header_2_line_height=&#8220;1.3em&#8220; background_size=&#8220;initial&#8220; background_position=&#8220;top_left&#8220; background_repeat=&#8220;repeat&#8220; text_orientation=&#8220;center&#8220; header_font_size__hover=&#8220;30px&#8220; header_font_size__hover_enabled=&#8220;30px&#8220; header_letter_spacing__hover=&#8220;0px&#8220; header_letter_spacing__hover_enabled=&#8220;0px&#8220; header_text_shadow_style__hover=&#8220;none&#8220; header_text_shadow_style__hover_enabled=&#8220;none&#8220; header_text_shadow_color__hover=&#8220;rgba(0,0,0,0.4)&#8220; header_text_shadow_color__hover_enabled=&#8220;rgba(0,0,0,0.4)&#8220;]<\/p>\n<h2><span>set in beautiful Finnish countryside<\/span><\/h2>\n<p>[\/et_pb_text][et_pb_text _builder_version=&#8220;4.9.4&#8243; text_font=&#8220;Montserrat||||&#8220; text_text_color=&#8220;#939393&#8243; text_font_size=&#8220;17px&#8220; text_line_height=&#8220;1.8em&#8220; header_font=&#8220;||||&#8220; background_size=&#8220;initial&#8220; background_position=&#8220;top_left&#8220; background_repeat=&#8220;repeat&#8220; text_orientation=&#8220;center&#8220; max_width=&#8220;700px&#8220; module_alignment=&#8220;center&#8220; animation_style=&#8220;slide&#8220; animation_direction=&#8220;top&#8220; animation_intensity_slide=&#8220;4%&#8220;]<\/p>\n<p><span>western region of Satakunta, the city of Euro &#8211; on Lake V\u00e4h\u00e4j\u00e4rvi. It offers you a dream vacation in a clean forest environment with an unforgettable experience for a lifetime.<\/span><\/p>\n<p>[\/et_pb_text][et_pb_button button_text=&#8220;View Items&#8220; button_alignment=&#8220;center&#8220; _builder_version=&#8220;3.16&#8243; custom_button=&#8220;on&#8220; button_text_size=&#8220;15px&#8220; button_text_color=&#8220;#ffffff&#8220; button_bg_color=&#8220;#c39d63&#8243; button_border_width=&#8220;2px&#8220; button_border_color=&#8220;#c39d63&#8243; button_border_radius=&#8220;0px&#8220; button_letter_spacing=&#8220;2px&#8220; button_font=&#8220;Montserrat|||on|&#8220; button_use_icon=&#8220;off&#8220; animation_style=&#8220;zoom&#8220; animation_intensity_zoom=&#8220;20%&#8220; button_letter_spacing_hover=&#8220;2px&#8220; button_text_size__hover_enabled=&#8220;off&#8220; button_one_text_size__hover_enabled=&#8220;off&#8220; button_two_text_size__hover_enabled=&#8220;off&#8220; button_text_color__hover_enabled=&#8220;off&#8220; button_one_text_color__hover_enabled=&#8220;off&#8220; button_two_text_color__hover_enabled=&#8220;off&#8220; button_border_width__hover_enabled=&#8220;off&#8220; button_one_border_width__hover_enabled=&#8220;off&#8220; button_two_border_width__hover_enabled=&#8220;off&#8220; button_border_color__hover_enabled=&#8220;off&#8220; button_one_border_color__hover_enabled=&#8220;off&#8220; button_two_border_color__hover_enabled=&#8220;off&#8220; button_border_radius__hover_enabled=&#8220;off&#8220; button_one_border_radius__hover_enabled=&#8220;off&#8220; button_two_border_radius__hover_enabled=&#8220;off&#8220; button_letter_spacing__hover_enabled=&#8220;on&#8220; button_letter_spacing__hover=&#8220;2px&#8220; button_one_letter_spacing__hover_enabled=&#8220;off&#8220; button_two_letter_spacing__hover_enabled=&#8220;off&#8220; button_bg_color__hover_enabled=&#8220;off&#8220; button_one_bg_color__hover_enabled=&#8220;off&#8220; button_two_bg_color__hover_enabled=&#8220;off&#8220;][\/et_pb_button][\/et_pb_column][\/et_pb_row][\/et_pb_section][et_pb_section fb_built=&#8220;1&#8243; admin_label=&#8220;Contact Us&#8220; _builder_version=&#8220;4.9.4&#8243; background_color=&#8220;rgba(0,0,0,0.75)&#8220; background_image=&#8220;http:\/\/www.mokkikatja.fi\/wp-content\/uploads\/2021\/05\/IMG_6990-scaled.jpg&#8220; background_blend=&#8220;color&#8220; custom_padding=&#8220;100px|0px|100px|0px&#8220; locked=&#8220;off&#8220; collapsed=&#8220;off&#8220;][\/et_pb_section]<\/p>\n","protected":false},"excerpt":{"rendered":"<p>N\u00e1\u0161 pr\u00edbehM\u00f6kki Katja!Tervetuloa m\u00f6kille Katja!M\u00f6kki sijaitsee Satakunnan alueella ,l\u00e4hell\u00e4 Honkilahden kyl\u00e4\u00e4, pienen V\u00e4h\u00e4jarvi-j\u00e4rven rannalla.T\u00e4\u00e4ll\u00e4 voit nauttia puhdasta ilmaa, rauhaa ja hiljaisuutta Suomen luonnosta.\u00a0 M\u00f6kki -huvila on rakennettu vuonna 2010 ja remontoitu helmikuussa 2021. M\u00f6kin pinta-ala on 190 m2.J\u00e4rven rannalta on noin 200 metrin p\u00e4\u00e4ss\u00e4. Kodikkaasti sisustettu m\u00f6kki tarjoaa viihtyis\u00e4\u00e4 majoitusta. Se on suunniteltu rentouttavaan lomaan [&hellip;]<\/p>\n","protected":false},"author":1,"featured_media":37,"parent":0,"menu_order":0,"comment_status":"closed","ping_status":"closed","template":"","meta":{"_et_pb_use_builder":"on","_et_pb_old_content":"<!-- wp:divi\/placeholder \/-->","_et_gb_content_width":""},"_links":{"self":[{"href":"https:\/\/www.mokkikatja.fi\/index.php\/wp-json\/wp\/v2\/pages\/21"}],"collection":[{"href":"https:\/\/www.mokkikatja.fi\/index.php\/wp-json\/wp\/v2\/pages"}],"about":[{"href":"https:\/\/www.mokkikatja.fi\/index.php\/wp-json\/wp\/v2\/types\/page"}],"author":[{"embeddable":true,"href":"https:\/\/www.mokkikatja.fi\/index.php\/wp-json\/wp\/v2\/users\/1"}],"replies":[{"embeddable":true,"href":"https:\/\/www.mokkikatja.fi\/index.php\/wp-json\/wp\/v2\/comments?post=21"}],"version-history":[{"count":29,"href":"https:\/\/www.mokkikatja.fi\/index.php\/wp-json\/wp\/v2\/pages\/21\/revisions"}],"predecessor-version":[{"id":468,"href":"https:\/\/www.mokkikatja.fi\/index.php\/wp-json\/wp\/v2\/pages\/21\/revisions\/468"}],"wp:featuredmedia":[{"embeddable":true,"href":"https:\/\/www.mokkikatja.fi\/index.php\/wp-json\/wp\/v2\/media\/37"}],"wp:attachment":[{"href":"https:\/\/www.mokkikatja.fi\/index.php\/wp-json\/wp\/v2\/media?parent=21"}],"curies":[{"name":"wp","href":"https:\/\/api.w.org\/{rel}","templated":true}]}}