{"id":283,"date":"2021-05-29T17:00:54","date_gmt":"2021-05-29T17:00:54","guid":{"rendered":"https:\/\/www.mokkikatja.fi\/?page_id=283"},"modified":"2021-06-03T20:17:43","modified_gmt":"2021-06-03T20:17:43","slug":"location","status":"publish","type":"page","link":"https:\/\/www.mokkikatja.fi\/index.php\/location\/","title":{"rendered":"Sij\u00e4inti"},"content":{"rendered":"<p>[et_pb_section fb_built=&#8220;1&#8243; fullwidth=&#8220;on&#8220; disabled_on=&#8220;off|off|off&#8220; admin_label=&#8220;Hero&#8220; _builder_version=&#8220;3.22&#8243; background_color=&#8220;#1f1f1f&#8220; parallax=&#8220;on&#8220; custom_padding=&#8220;|||&#8220; transparent_background=&#8220;on&#8220;][et_pb_fullwidth_header title=&#8220;Katja Estate&#8220; text_orientation=&#8220;center&#8220; background_overlay_color=&#8220;rgba(31,31,31,0.85)&#8220; subhead_font_color=&#8220;#bebebe&#8220; _builder_version=&#8220;4.9.4&#8243; title_font=&#8220;Playfair Display||||&#8220; title_text_color=&#8220;#ffffff&#8220; title_font_size=&#8220;72px&#8220; title_line_height=&#8220;1.3em&#8220; content_font=&#8220;Montserrat||||&#8220; content_text_color=&#8220;#bfbfbf&#8220; content_font_size=&#8220;19px&#8220; content_line_height=&#8220;1.8em&#8220; subhead_font=&#8220;Montserrat||||&#8220; subhead_text_color=&#8220;#bebebe&#8220; subhead_line_height=&#8220;1.8em&#8220; background_color=&#8220;rgba(255, 255, 255, 0)&#8220; background_image=&#8220;http:\/\/www.mokkikatja.fi\/wp-content\/uploads\/2021\/05\/181087044_127008262814409_6506229900014929047_n.jpg&#8220; parallax=&#8220;on&#8220; parallax_method=&#8220;on&#8220; custom_margin=&#8220;50px||||false|false&#8220; custom_padding=&#8220;5%||5%|&#8220; animation_style=&#8220;zoom&#8220; animation_duration=&#8220;1500ms&#8220; animation_intensity_zoom=&#8220;4%&#8220; hover_enabled=&#8220;0&#8243; title_line_height_last_edited=&#8220;off|desktop&#8220; button_one_text_size__hover_enabled=&#8220;off&#8220; button_two_text_size__hover_enabled=&#8220;off&#8220; button_one_text_color__hover_enabled=&#8220;off&#8220; button_two_text_color__hover_enabled=&#8220;off&#8220; button_one_border_width__hover_enabled=&#8220;off&#8220; button_two_border_width__hover_enabled=&#8220;off&#8220; button_one_border_color__hover_enabled=&#8220;off&#8220; button_two_border_color__hover_enabled=&#8220;off&#8220; button_one_border_radius__hover_enabled=&#8220;off&#8220; button_two_border_radius__hover_enabled=&#8220;off&#8220; button_one_letter_spacing__hover_enabled=&#8220;off&#8220; button_two_letter_spacing__hover_enabled=&#8220;off&#8220; button_one_bg_color__hover_enabled=&#8220;off&#8220; button_two_bg_color__hover_enabled=&#8220;off&#8220; sticky_enabled=&#8220;0&#8243; custom_button_one=&#8220;on&#8220; button_one_url=&#8220;https:\/\/www.google.com\/maps\/place\/V\u00e4h\u00e4j\u00e4rventie+50,+27650+Eura,+F%C3%ADnsko\/@60.9650419,22.1889192,17z\/data=!3m1!4b1!4m5!3m4!1s0x468be25f2db2db33:0xa4e45db6fed45deb!8m2!3d60.9650419!4d22.1911079&#8243; button_two_url=&#8220;https:\/\/www.google.com\/maps\/place\/V\u00e4h\u00e4j\u00e4rventie+50,+27650+Eura,+F%C3%ADnsko\/@60.9650419,22.1889192,17z\/data=!3m1!4b1!4m5!3m4!1s0x468be25f2db2db33:0xa4e45db6fed45deb!8m2!3d60.9650419!4d22.1911079&#8243; link_option_url=&#8220;https:\/\/www.google.com\/maps\/place\/V\u00e4h\u00e4j\u00e4rventie+50,+27650+Eura,+F%C3%ADnsko\/@60.9650419,22.1889192,17z\/data=!3m1!4b1!4m5!3m4!1s0x468be25f2db2db33:0xa4e45db6fed45deb!8m2!3d60.9650419!4d22.1911079&#8243; link_option_url_new_window=&#8220;on&#8220;]<\/p>\n<p>&nbsp;<\/p>\n<p>\u2026\u2026<strong><\/strong><\/p>\n<p>The town of Eura is located in the beautiful Finnish countryside of the western region of Satakunta &#8211; by Lake V\u00e4h\u00e4j\u00e4rvi. It offers you a dream vacation in a clean forest environment with an unforgettable experience for a lifetime.<\/p>\n<p>&nbsp;<\/p>\n<p>[\/et_pb_fullwidth_header][\/et_pb_section][et_pb_section fb_built=&#8220;1&#8243; admin_label=&#8220;Our Story&#8220; _builder_version=&#8220;3.22&#8243; background_color=&#8220;#ffffff&#8220; background_position=&#8220;top_left&#8220; custom_padding=&#8220;100px|0px|100px|0px&#8220; collapsed=&#8220;off&#8220;][et_pb_row _builder_version=&#8220;4.9.4&#8243; _module_preset=&#8220;default&#8220; hover_enabled=&#8220;0&#8243; sticky_enabled=&#8220;0&#8243;][et_pb_column _builder_version=&#8220;4.9.4&#8243; _module_preset=&#8220;default&#8220; type=&#8220;4_4&#8243;][et_pb_map _builder_version=&#8220;4.9.4&#8243; _module_preset=&#8220;default&#8220; address=&#8220;https:\/\/www.google.com\/maps\/place\/V\u00e4h\u00e4j\u00e4rventie+50,+27650+Eura,+F%C3%ADnsko\/@60.9650419,22.1889192,17z\/data=!3m1!4b1!4m5!3m4!1s0x468be25f2db2db33:0xa4e45db6fed45deb!8m2!3d60.9650419!4d22.1911079&#8243; hover_enabled=&#8220;0&#8243; sticky_enabled=&#8220;0&#8243; link_option_url=&#8220;https:\/\/www.google.com\/maps\/place\/V\u00e4h\u00e4j\u00e4rventie+50,+27650+Eura,+F%C3%ADnsko\/@60.9650419,22.1889192,17z\/data=!3m1!4b1!4m5!3m4!1s0x468be25f2db2db33:0xa4e45db6fed45deb!8m2!3d60.9650419!4d22.1911079&#8243; link_option_url_new_window=&#8220;on&#8220;][\/et_pb_map][\/et_pb_column][\/et_pb_row][\/et_pb_section][et_pb_section fb_built=&#8220;1&#8243; _builder_version=&#8220;3.22&#8243; custom_padding=&#8220;0px|0px|0px|0px&#8220;][\/et_pb_section][et_pb_section fb_built=&#8220;1&#8243; admin_label=&#8220;Contact Us&#8220; _builder_version=&#8220;4.9.4&#8243; background_color=&#8220;rgba(0,0,0,0.75)&#8220; background_image=&#8220;http:\/\/www.mokkikatja.fi\/wp-content\/uploads\/2021\/05\/179336898_127008819481020_6747621529312619935_n-1.jpg&#8220; background_blend=&#8220;color&#8220; custom_padding=&#8220;100px|0px|100px|0px&#8220; locked=&#8220;off&#8220; collapsed=&#8220;off&#8220;][\/et_pb_section]<\/p>\n","protected":false},"excerpt":{"rendered":"<p>&nbsp; \u2026\u2026 The town of Eura is located in the beautiful Finnish countryside of the western region of Satakunta &#8211; by Lake V\u00e4h\u00e4j\u00e4rvi. It offers you a dream vacation in a clean forest environment with an unforgettable experience for a lifetime. &nbsp;<\/p>\n","protected":false},"author":1,"featured_media":0,"parent":0,"menu_order":0,"comment_status":"closed","ping_status":"closed","template":"","meta":{"_et_pb_use_builder":"on","_et_pb_old_content":"","_et_gb_content_width":""},"_links":{"self":[{"href":"https:\/\/www.mokkikatja.fi\/index.php\/wp-json\/wp\/v2\/pages\/283"}],"collection":[{"href":"https:\/\/www.mokkikatja.fi\/index.php\/wp-json\/wp\/v2\/pages"}],"about":[{"href":"https:\/\/www.mokkikatja.fi\/index.php\/wp-json\/wp\/v2\/types\/page"}],"author":[{"embeddable":true,"href":"https:\/\/www.mokkikatja.fi\/index.php\/wp-json\/wp\/v2\/users\/1"}],"replies":[{"embeddable":true,"href":"https:\/\/www.mokkikatja.fi\/index.php\/wp-json\/wp\/v2\/comments?post=283"}],"version-history":[{"count":6,"href":"https:\/\/www.mokkikatja.fi\/index.php\/wp-json\/wp\/v2\/pages\/283\/revisions"}],"predecessor-version":[{"id":477,"href":"https:\/\/www.mokkikatja.fi\/index.php\/wp-json\/wp\/v2\/pages\/283\/revisions\/477"}],"wp:attachment":[{"href":"https:\/\/www.mokkikatja.fi\/index.php\/wp-json\/wp\/v2\/media?parent=283"}],"curies":[{"name":"wp","href":"https:\/\/api.w.org\/{rel}","templated":true}]}}